{"id":257,"date":"2020-10-19T22:19:04","date_gmt":"2020-10-19T22:19:04","guid":{"rendered":"http:\/\/norwangroup.com\/website\/?page_id=257"},"modified":"2024-04-10T15:35:50","modified_gmt":"2024-04-10T15:35:50","slug":"norwan-group","status":"publish","type":"page","link":"https:\/\/norwangroup.com\/website\/norwan-group\/","title":{"rendered":"Norwan Group"},"content":{"rendered":"<div id=\"pl-257\"  class=\"panel-layout\" ><div id=\"pg-257-0\"  class=\"panel-grid panel-has-style\" ><div class=\"siteorigin-panels-stretch panel-row-style panel-row-style-for-257-0\" data-stretch-type=\"full-width-stretch\" ><div id=\"pgc-257-0-0\"  class=\"panel-grid-cell\" ><div id=\"panel-257-0-0-0\" class=\"so-panel widget widget_sow-image panel-first-child panel-last-child\" data-index=\"0\" ><div\n\t\t\t\n\t\t\tclass=\"so-widget-sow-image so-widget-sow-image-default-c67d20f9f743-257\"\n\t\t\t\n\t\t>\n<div class=\"sow-image-container\">\n\t\t<img \n\tsrc=\"https:\/\/norwangroup.com\/wp-content\/uploads\/2024\/02\/Banner-empresa-ok.jpg\" width=\"2048\" height=\"625\" srcset=\"https:\/\/norwangroup.com\/wp-content\/uploads\/2024\/02\/Banner-empresa-ok.jpg 2048w, https:\/\/norwangroup.com\/wp-content\/uploads\/2024\/02\/Banner-empresa-ok-300x92.jpg 300w, https:\/\/norwangroup.com\/wp-content\/uploads\/2024\/02\/Banner-empresa-ok-1024x313.jpg 1024w, https:\/\/norwangroup.com\/wp-content\/uploads\/2024\/02\/Banner-empresa-ok-768x234.jpg 768w, https:\/\/norwangroup.com\/wp-content\/uploads\/2024\/02\/Banner-empresa-ok-1536x469.jpg 1536w\" sizes=\"(max-width: 2048px) 100vw, 2048px\" alt=\"\" \t\tclass=\"so-widget-image\"\/>\n\t<\/div>\n\n<\/div><\/div><\/div><\/div><\/div><div id=\"pg-257-1\"  class=\"panel-grid panel-has-style\" ><div class=\"siteorigin-panels-stretch kt-panel-row-stretch panel-row-style panel-row-style-for-257-1\" style=\"opacity: 0;\" data-stretch-type=\"full\" ><div id=\"pgc-257-1-0\"  class=\"panel-grid-cell\" ><div id=\"panel-257-1-0-0\" class=\"so-panel widget widget_sow-editor panel-first-child panel-last-child\" data-index=\"1\" ><div\n\t\t\t\n\t\t\tclass=\"so-widget-sow-editor so-widget-sow-editor-base\"\n\t\t\t\n\t\t>\n<div class=\"siteorigin-widget-tinymce textwidget\">\n\t<h3><strong><span style=\"color: #ee3537;\">Norwan Group<\/span><\/strong><\/h3>\n<p>Norwan Group es una empresa dedicada a la producci\u00f3n, comercializaci\u00f3n y distribuci\u00f3n de productos para el mercado automotor.<br \/>\nSu segmento de mercado incorpora tanto al sector masivo, como al industrial y al de competici\u00f3n.<\/p>\n<\/div>\n<\/div><\/div><\/div><div id=\"pgc-257-1-1\"  class=\"panel-grid-cell\" ><div id=\"panel-257-1-1-0\" class=\"so-panel widget widget_sow-accordion panel-first-child panel-last-child\" data-index=\"2\" ><div class=\"panel-widget-style panel-widget-style-for-257-1-1-0\" ><div\n\t\t\t\n\t\t\tclass=\"so-widget-sow-accordion so-widget-sow-accordion-default-7f818d614f31-257\"\n\t\t\t data-max-open-panels=\"1\" data-use-anchor-tags=\"false\" data-initial-scroll-panel=\"0\"\n\t\t><div>\n\t<div class=\"sow-accordion\">\n\t\t\t<div class=\"sow-accordion-panel\n\t\t\t\t\t\"\n\t\t\t\tdata-anchor-id=\"proposito\">\n\t\t\t\t\t<div class=\"sow-accordion-panel-header-container\" role=\"heading\" aria-level=\"2\">\n\t\t\t\t\t<div class=\"sow-accordion-panel-header\" tabindex=\"0\" role=\"button\" id=\"accordion-label-prop%c3%b3sito\" aria-controls=\"accordion-content-prop%c3%b3sito\" aria-expanded=\"false\">\n\t\t\t\t\t\t<div class=\"sow-accordion-title sow-accordion-title-icon-left\">\n\t\t\t\t\t\t\t\t\t\t\t\t\t\tProp\u00f3sito\t\t\t\t\t\t\t\t\t\t\t\t\t<\/div>\n\t\t\t\t\t\t<div class=\"sow-accordion-open-close-button\">\n\t\t\t\t\t\t\t<div class=\"sow-accordion-open-button\">\n\t\t\t\t\t\t\t\t<span class=\"sow-icon-fontawesome sow-fas\" data-sow-icon=\"&#x2b;\"\n\t\t \n\t\taria-hidden=\"true\"><\/span>\t\t\t\t\t\t\t<\/div>\n\t\t\t\t\t\t\t<div class=\"sow-accordion-close-button\">\n\t\t\t\t\t\t\t\t<span class=\"sow-icon-fontawesome sow-fas\" data-sow-icon=\"&#xf068;\"\n\t\t \n\t\taria-hidden=\"true\"><\/span>\t\t\t\t\t\t\t<\/div>\n\t\t\t\t\t\t<\/div>\n\t\t\t\t\t<\/div>\n\t\t\t\t<\/div>\n\n\t\t\t<div\n\t\t\t\tclass=\"sow-accordion-panel-content\"\n\t\t\t\trole=\"region\"\n\t\t\t\taria-labelledby=\"accordion-label-prop%c3%b3sito\"\n\t\t\t\tid=\"accordion-content-prop%c3%b3sito\"\n\t\t\t\tstyle=\"display: none;\"\t\t\t>\n\t\t\t\t<div class=\"sow-accordion-panel-border\">\n\t\t\t\t\t<p>Contribuir al desarrollo y bienestar com\u00fan a partir de la provisi\u00f3n de bienes y servicios de calidad, obrando siempre en concordancia con valores \u00e9ticos y profesionales.<\/p>\n\t\t\t\t<\/div>\n\t\t\t<\/div>\n\t\t<\/div>\n\t\t\t<div class=\"sow-accordion-panel\n\t\t\t\t\t\"\n\t\t\t\tdata-anchor-id=\"vision\">\n\t\t\t\t\t<div class=\"sow-accordion-panel-header-container\" role=\"heading\" aria-level=\"2\">\n\t\t\t\t\t<div class=\"sow-accordion-panel-header\" tabindex=\"0\" role=\"button\" id=\"accordion-label-visi%c3%b3n\" aria-controls=\"accordion-content-visi%c3%b3n\" aria-expanded=\"false\">\n\t\t\t\t\t\t<div class=\"sow-accordion-title sow-accordion-title-icon-left\">\n\t\t\t\t\t\t\t\t\t\t\t\t\t\tVisi\u00f3n\t\t\t\t\t\t\t\t\t\t\t\t\t<\/div>\n\t\t\t\t\t\t<div class=\"sow-accordion-open-close-button\">\n\t\t\t\t\t\t\t<div class=\"sow-accordion-open-button\">\n\t\t\t\t\t\t\t\t<span class=\"sow-icon-fontawesome sow-fas\" data-sow-icon=\"&#x2b;\"\n\t\t \n\t\taria-hidden=\"true\"><\/span>\t\t\t\t\t\t\t<\/div>\n\t\t\t\t\t\t\t<div class=\"sow-accordion-close-button\">\n\t\t\t\t\t\t\t\t<span class=\"sow-icon-fontawesome sow-fas\" data-sow-icon=\"&#xf068;\"\n\t\t \n\t\taria-hidden=\"true\"><\/span>\t\t\t\t\t\t\t<\/div>\n\t\t\t\t\t\t<\/div>\n\t\t\t\t\t<\/div>\n\t\t\t\t<\/div>\n\n\t\t\t<div\n\t\t\t\tclass=\"sow-accordion-panel-content\"\n\t\t\t\trole=\"region\"\n\t\t\t\taria-labelledby=\"accordion-label-visi%c3%b3n\"\n\t\t\t\tid=\"accordion-content-visi%c3%b3n\"\n\t\t\t\tstyle=\"display: none;\"\t\t\t>\n\t\t\t\t<div class=\"sow-accordion-panel-border\">\n\t\t\t\t\t<p>Ser un generador y administrador eficiente de un conjunto de negocios din\u00e1micos que doten de solidez, crecimiento y sustentabilidad a toda la organizaci\u00f3n.<\/p>\n\t\t\t\t<\/div>\n\t\t\t<\/div>\n\t\t<\/div>\n\t\t\t<div class=\"sow-accordion-panel\n\t\t\t\t\t\"\n\t\t\t\tdata-anchor-id=\"mision\">\n\t\t\t\t\t<div class=\"sow-accordion-panel-header-container\" role=\"heading\" aria-level=\"2\">\n\t\t\t\t\t<div class=\"sow-accordion-panel-header\" tabindex=\"0\" role=\"button\" id=\"accordion-label-misi%c3%b3n\" aria-controls=\"accordion-content-misi%c3%b3n\" aria-expanded=\"false\">\n\t\t\t\t\t\t<div class=\"sow-accordion-title sow-accordion-title-icon-left\">\n\t\t\t\t\t\t\t\t\t\t\t\t\t\tMisi\u00f3n\t\t\t\t\t\t\t\t\t\t\t\t\t<\/div>\n\t\t\t\t\t\t<div class=\"sow-accordion-open-close-button\">\n\t\t\t\t\t\t\t<div class=\"sow-accordion-open-button\">\n\t\t\t\t\t\t\t\t<span class=\"sow-icon-fontawesome sow-fas\" data-sow-icon=\"&#x2b;\"\n\t\t \n\t\taria-hidden=\"true\"><\/span>\t\t\t\t\t\t\t<\/div>\n\t\t\t\t\t\t\t<div class=\"sow-accordion-close-button\">\n\t\t\t\t\t\t\t\t<span class=\"sow-icon-fontawesome sow-fas\" data-sow-icon=\"&#xf068;\"\n\t\t \n\t\taria-hidden=\"true\"><\/span>\t\t\t\t\t\t\t<\/div>\n\t\t\t\t\t\t<\/div>\n\t\t\t\t\t<\/div>\n\t\t\t\t<\/div>\n\n\t\t\t<div\n\t\t\t\tclass=\"sow-accordion-panel-content\"\n\t\t\t\trole=\"region\"\n\t\t\t\taria-labelledby=\"accordion-label-misi%c3%b3n\"\n\t\t\t\tid=\"accordion-content-misi%c3%b3n\"\n\t\t\t\tstyle=\"display: none;\"\t\t\t>\n\t\t\t\t<div class=\"sow-accordion-panel-border\">\n\t\t\t\t\t<p>Proveer soluciones pr\u00e1cticas, innovadoras y de alta calidad al mercado, administrando eficientemente las relaciones con los grupos de inter\u00e9s relevantes, basados en el compromiso de nuestra gente.<\/p>\n\t\t\t\t<\/div>\n\t\t\t<\/div>\n\t\t<\/div>\n\t\t\t<div class=\"sow-accordion-panel\n\t\t\t\t\t\"\n\t\t\t\tdata-anchor-id=\"valores\">\n\t\t\t\t\t<div class=\"sow-accordion-panel-header-container\" role=\"heading\" aria-level=\"2\">\n\t\t\t\t\t<div class=\"sow-accordion-panel-header\" tabindex=\"0\" role=\"button\" id=\"accordion-label-valores\" aria-controls=\"accordion-content-valores\" aria-expanded=\"false\">\n\t\t\t\t\t\t<div class=\"sow-accordion-title sow-accordion-title-icon-left\">\n\t\t\t\t\t\t\t\t\t\t\t\t\t\tValores\t\t\t\t\t\t\t\t\t\t\t\t\t<\/div>\n\t\t\t\t\t\t<div class=\"sow-accordion-open-close-button\">\n\t\t\t\t\t\t\t<div class=\"sow-accordion-open-button\">\n\t\t\t\t\t\t\t\t<span class=\"sow-icon-fontawesome sow-fas\" data-sow-icon=\"&#x2b;\"\n\t\t \n\t\taria-hidden=\"true\"><\/span>\t\t\t\t\t\t\t<\/div>\n\t\t\t\t\t\t\t<div class=\"sow-accordion-close-button\">\n\t\t\t\t\t\t\t\t<span class=\"sow-icon-fontawesome sow-fas\" data-sow-icon=\"&#xf068;\"\n\t\t \n\t\taria-hidden=\"true\"><\/span>\t\t\t\t\t\t\t<\/div>\n\t\t\t\t\t\t<\/div>\n\t\t\t\t\t<\/div>\n\t\t\t\t<\/div>\n\n\t\t\t<div\n\t\t\t\tclass=\"sow-accordion-panel-content\"\n\t\t\t\trole=\"region\"\n\t\t\t\taria-labelledby=\"accordion-label-valores\"\n\t\t\t\tid=\"accordion-content-valores\"\n\t\t\t\tstyle=\"display: none;\"\t\t\t>\n\t\t\t\t<div class=\"sow-accordion-panel-border\">\n\t\t\t\t\t<p><b>Integridad y Conducta \u00c9ticas:<\/b> Guiamos nuestras acciones por la \u00e9tica y la responsabilidad. Siempre hacer lo correcto.<\/p>\n<p><strong>Calidad:<\/strong> Primera condici\u00f3n para todo lo que hacemos. Considerando estandares internacionales y certificaciones de productos y servicios.<\/p>\n<p><b>Confianza<\/b><strong>:<\/strong> Basamos nuestras relaciones internas y externas en la confianza, la sinceridad y el respeto.<\/p>\n<p><strong>Compromiso con las personas: <\/strong>Comprendemos las necesidades de las personas, valoramos su esfuerzo y reconocemos sus logros.<\/p>\n<p><strong>Innovaci\u00f3n: <\/strong>Siempre buscando nuevas y mejores soluciones, para necesidades presentes y futuras.<\/p>\n<p><strong>Bienestar com\u00fan:<\/strong> Comprometidos con el progreso de la comunidad y la preservaci\u00f3n del medio ambiente.<\/p>\n\t\t\t\t<\/div>\n\t\t\t<\/div>\n\t\t<\/div>\n\t\t<\/div>\n<\/div>\n<\/div><\/div><\/div><\/div><\/div><\/div><div id=\"pg-257-2\"  class=\"panel-grid panel-has-style\" ><div class=\"siteorigin-panels-stretch kt-panel-row-stretch panel-row-style panel-row-style-for-257-2\" style=\"opacity: 0;\" data-stretch-type=\"full\" ><div id=\"pgc-257-2-0\"  class=\"panel-grid-cell\" ><div id=\"panel-257-2-0-0\" class=\"so-panel widget widget_sow-editor panel-first-child panel-last-child\" data-index=\"3\" ><div\n\t\t\t\n\t\t\tclass=\"so-widget-sow-editor so-widget-sow-editor-base\"\n\t\t\t\n\t\t>\n<div class=\"siteorigin-widget-tinymce textwidget\">\n\t<h3><strong><span style=\"color: #ee3537;\">Nuestra Marcas<\/span><\/strong><\/h3>\n<p>Somos un grupo con una arquitectura de marcas Producto y Servicio que nos permiten satisfacer a un amplio rango de consumidores. Evolucionando constantemente para dar la mejor respuesta a necesidades actuales y futuras.<\/p>\n<\/div>\n<\/div><\/div><\/div><div id=\"pgc-257-2-1\"  class=\"panel-grid-cell\" ><div id=\"panel-257-2-1-0\" class=\"so-panel widget widget_siteorigin-panels-builder panel-first-child\" data-index=\"4\" ><div id=\"pl-w5f9c3626b4c99\"  class=\"panel-layout\" ><div id=\"pg-w5f9c3626b4c99-0\"  class=\"panel-grid panel-has-style\" ><div class=\"panel-row-style panel-row-style-for-w5f9c3626b4c99-0\" ><div id=\"pgc-w5f9c3626b4c99-0-0\"  class=\"panel-grid-cell\" ><div id=\"panel-w5f9c3626b4c99-0-0-0\" class=\"so-panel widget widget_sow-editor panel-first-child panel-last-child\" data-index=\"0\" ><div class=\"panel-widget-style panel-widget-style-for-w5f9c3626b4c99-0-0-0\" ><div\n\t\t\t\n\t\t\tclass=\"so-widget-sow-editor so-widget-sow-editor-base\"\n\t\t\t\n\t\t>\n<div class=\"siteorigin-widget-tinymce textwidget\">\n\t<p>Distribuci\u00f3n Mayorista<\/p>\n<\/div>\n<\/div><\/div><\/div><\/div><div id=\"pgc-w5f9c3626b4c99-0-1\"  class=\"panel-grid-cell\" ><div id=\"panel-w5f9c3626b4c99-0-1-0\" class=\"so-panel widget widget_sow-image panel-first-child panel-last-child\" data-index=\"1\" ><div\n\t\t\t\n\t\t\tclass=\"so-widget-sow-image so-widget-sow-image-default-8b5b6f678277\"\n\t\t\t\n\t\t>\n<div class=\"sow-image-container\">\n\t\t\t<a href=\"https:\/\/norte.ar\/2020\/\"\n\t\t\ttarget=\"_blank\" rel=\"noopener noreferrer\" \t\t>\n\t\t\t<img \n\tsrc=\"https:\/\/norwangroup.com\/wp-content\/uploads\/2020\/10\/norte_hor_neg_color-1.jpg\" width=\"300\" height=\"217\" sizes=\"(max-width: 300px) 100vw, 300px\" title=\"norte_hor_neg_color\" alt=\"\" \t\tclass=\"so-widget-image\"\/>\n\t\t\t<\/a><\/div>\n\n<\/div><\/div><\/div><\/div><\/div><\/div><\/div><div id=\"panel-257-2-1-1\" class=\"so-panel widget widget_siteorigin-panels-builder\" data-index=\"5\" ><div id=\"pl-w5f8ef7ba16138\"  class=\"panel-layout\" ><div id=\"pg-w5f8ef7ba16138-0\"  class=\"panel-grid panel-has-style\" ><div class=\"panel-row-style panel-row-style-for-w5f8ef7ba16138-0\" ><div id=\"pgc-w5f8ef7ba16138-0-0\"  class=\"panel-grid-cell\" ><div id=\"panel-w5f8ef7ba16138-0-0-0\" class=\"so-panel widget widget_sow-editor panel-first-child panel-last-child\" data-index=\"0\" ><div class=\"panel-widget-style panel-widget-style-for-w5f8ef7ba16138-0-0-0\" ><div\n\t\t\t\n\t\t\tclass=\"so-widget-sow-editor so-widget-sow-editor-base\"\n\t\t\t\n\t\t>\n<div class=\"siteorigin-widget-tinymce textwidget\">\n\t<p>Partes para Motocicletas<\/p>\n<\/div>\n<\/div><\/div><\/div><\/div><div id=\"pgc-w5f8ef7ba16138-0-1\"  class=\"panel-grid-cell\" ><div id=\"panel-w5f8ef7ba16138-0-1-0\" class=\"so-panel widget widget_sow-image panel-first-child panel-last-child\" data-index=\"1\" ><div\n\t\t\t\n\t\t\tclass=\"so-widget-sow-image so-widget-sow-image-default-8b5b6f678277\"\n\t\t\t\n\t\t>\n<div class=\"sow-image-container\">\n\t\t\t<a href=\"http:\/\/kenpro.com.ar\/\"\n\t\t\ttarget=\"_blank\" rel=\"noopener noreferrer\" \t\t>\n\t\t\t<img \n\tsrc=\"https:\/\/norwangroup.com\/wp-content\/uploads\/2020\/10\/kempro.png\" width=\"300\" height=\"217\" sizes=\"(max-width: 300px) 100vw, 300px\" alt=\"\" \t\tclass=\"so-widget-image\"\/>\n\t\t\t<\/a><\/div>\n\n<\/div><\/div><\/div><\/div><\/div><\/div><\/div><div id=\"panel-257-2-1-2\" class=\"so-panel widget widget_siteorigin-panels-builder panel-last-child\" data-index=\"6\" ><div id=\"pl-w5f8ef7df43ceb\"  class=\"panel-layout\" ><div id=\"pg-w5f8ef7df43ceb-0\"  class=\"panel-grid panel-has-style\" ><div class=\"panel-row-style panel-row-style-for-w5f8ef7df43ceb-0\" ><div id=\"pgc-w5f8ef7df43ceb-0-0\"  class=\"panel-grid-cell\" ><div id=\"panel-w5f8ef7df43ceb-0-0-0\" class=\"so-panel widget widget_sow-editor panel-first-child panel-last-child\" data-index=\"0\" ><div class=\"panel-widget-style panel-widget-style-for-w5f8ef7df43ceb-0-0-0\" ><div\n\t\t\t\n\t\t\tclass=\"so-widget-sow-editor so-widget-sow-editor-base\"\n\t\t\t\n\t\t>\n<div class=\"siteorigin-widget-tinymce textwidget\">\n\t<p>Cubiertas y C\u00e1maras para Motocicletas<\/p>\n<\/div>\n<\/div><\/div><\/div><\/div><div id=\"pgc-w5f8ef7df43ceb-0-1\"  class=\"panel-grid-cell\" ><div id=\"panel-w5f8ef7df43ceb-0-1-0\" class=\"so-panel widget widget_sow-image panel-first-child panel-last-child\" data-index=\"1\" ><div class=\"panel-widget-style panel-widget-style-for-w5f8ef7df43ceb-0-1-0\" ><div\n\t\t\t\n\t\t\tclass=\"so-widget-sow-image so-widget-sow-image-default-8b5b6f678277\"\n\t\t\t\n\t\t>\n<div class=\"sow-image-container\">\n\t\t\t<a href=\"http:\/\/raigen.com.ar\/\"\n\t\t\ttarget=\"_blank\" rel=\"noopener noreferrer\" \t\t>\n\t\t\t<img \n\tsrc=\"https:\/\/norwangroup.com\/wp-content\/uploads\/2020\/10\/regien.png\" width=\"300\" height=\"217\" sizes=\"(max-width: 300px) 100vw, 300px\" alt=\"\" \t\tclass=\"so-widget-image\"\/>\n\t\t\t<\/a><\/div>\n\n<\/div><\/div><\/div><\/div><\/div><\/div><\/div><\/div><\/div><div id=\"pgc-257-2-2\"  class=\"panel-grid-cell\" ><div id=\"panel-257-2-2-0\" class=\"so-panel widget widget_siteorigin-panels-builder panel-first-child\" data-index=\"7\" ><div id=\"pl-w65c545dd6a25e\"  class=\"panel-layout\" ><div id=\"pg-w65c545dd6a25e-0\"  class=\"panel-grid panel-has-style\" ><div class=\"panel-row-style panel-row-style-for-w65c545dd6a25e-0\" ><div id=\"pgc-w65c545dd6a25e-0-0\"  class=\"panel-grid-cell\" ><div id=\"panel-w65c545dd6a25e-0-0-0\" class=\"so-panel widget widget_sow-editor panel-first-child panel-last-child\" data-index=\"0\" ><div class=\"panel-widget-style panel-widget-style-for-w65c545dd6a25e-0-0-0\" ><div\n\t\t\t\n\t\t\tclass=\"so-widget-sow-editor so-widget-sow-editor-base\"\n\t\t\t\n\t\t>\n<div class=\"siteorigin-widget-tinymce textwidget\">\n\t<p>Lubricantes y Afines<\/p>\n<\/div>\n<\/div><\/div><\/div><\/div><div id=\"pgc-w65c545dd6a25e-0-1\"  class=\"panel-grid-cell\" ><div id=\"panel-w65c545dd6a25e-0-1-0\" class=\"so-panel widget widget_sow-image panel-first-child panel-last-child\" data-index=\"1\" ><div\n\t\t\t\n\t\t\tclass=\"so-widget-sow-image so-widget-sow-image-default-8b5b6f678277\"\n\t\t\t\n\t\t>\n<div class=\"sow-image-container\">\n\t\t\t<a href=\"https:\/\/www.wander.com.ar\/\"\n\t\t\ttarget=\"_blank\" rel=\"noopener noreferrer\" \t\t>\n\t\t\t<img \n\tsrc=\"https:\/\/norwangroup.com\/wp-content\/uploads\/2023\/12\/logo_wander.jpg\" width=\"300\" height=\"217\" sizes=\"(max-width: 300px) 100vw, 300px\" alt=\"\" \t\tclass=\"so-widget-image\"\/>\n\t\t\t<\/a><\/div>\n\n<\/div><\/div><\/div><\/div><\/div><\/div><\/div><div id=\"panel-257-2-2-1\" class=\"so-panel widget widget_siteorigin-panels-builder\" data-index=\"8\" ><div id=\"pl-w5f8ef7ba16795\"  class=\"panel-layout\" ><div id=\"pg-w5f8ef7ba16795-0\"  class=\"panel-grid panel-has-style\" ><div class=\"panel-row-style panel-row-style-for-w5f8ef7ba16795-0\" ><div id=\"pgc-w5f8ef7ba16795-0-0\"  class=\"panel-grid-cell\" ><div id=\"panel-w5f8ef7ba16795-0-0-0\" class=\"so-panel widget widget_sow-editor panel-first-child panel-last-child\" data-index=\"0\" ><div class=\"panel-widget-style panel-widget-style-for-w5f8ef7ba16795-0-0-0\" ><div\n\t\t\t\n\t\t\tclass=\"so-widget-sow-editor so-widget-sow-editor-base\"\n\t\t\t\n\t\t>\n<div class=\"siteorigin-widget-tinymce textwidget\">\n\t<p>Cosm\u00e9tica Vehicular<\/p>\n<\/div>\n<\/div><\/div><\/div><\/div><div id=\"pgc-w5f8ef7ba16795-0-1\"  class=\"panel-grid-cell\" ><div id=\"panel-w5f8ef7ba16795-0-1-0\" class=\"so-panel widget widget_sow-image panel-first-child panel-last-child\" data-index=\"1\" ><div\n\t\t\t\n\t\t\tclass=\"so-widget-sow-image so-widget-sow-image-default-8b5b6f678277\"\n\t\t\t\n\t\t>\n<div class=\"sow-image-container\">\n\t\t\t<a href=\"http:\/\/speedway.com.ar\/\"\n\t\t\ttarget=\"_blank\" rel=\"noopener noreferrer\" \t\t>\n\t\t\t<img \n\tsrc=\"https:\/\/norwangroup.com\/wp-content\/uploads\/2020\/10\/speedway.png\" width=\"300\" height=\"217\" sizes=\"(max-width: 300px) 100vw, 300px\" alt=\"\" \t\tclass=\"so-widget-image\"\/>\n\t\t\t<\/a><\/div>\n\n<\/div><\/div><\/div><\/div><\/div><\/div><\/div><div id=\"panel-257-2-2-2\" class=\"so-panel widget widget_siteorigin-panels-builder panel-last-child\" data-index=\"9\" ><div id=\"pl-w5f9c3626b5f8c\"  class=\"panel-layout\" ><div id=\"pg-w5f9c3626b5f8c-0\"  class=\"panel-grid panel-has-style\" ><div class=\"panel-row-style panel-row-style-for-w5f9c3626b5f8c-0\" ><div id=\"pgc-w5f9c3626b5f8c-0-0\"  class=\"panel-grid-cell\" ><div id=\"panel-w5f9c3626b5f8c-0-0-0\" class=\"so-panel widget widget_sow-editor panel-first-child panel-last-child\" data-index=\"0\" ><div class=\"panel-widget-style panel-widget-style-for-w5f9c3626b5f8c-0-0-0\" ><div\n\t\t\t\n\t\t\tclass=\"so-widget-sow-editor so-widget-sow-editor-base\"\n\t\t\t\n\t\t>\n<div class=\"siteorigin-widget-tinymce textwidget\">\n\t<p>Indumentaria Mundo Motor<\/p>\n<\/div>\n<\/div><\/div><\/div><\/div><div id=\"pgc-w5f9c3626b5f8c-0-1\"  class=\"panel-grid-cell\" ><div id=\"panel-w5f9c3626b5f8c-0-1-0\" class=\"so-panel widget widget_sow-image panel-first-child panel-last-child\" data-index=\"1\" ><div\n\t\t\t\n\t\t\tclass=\"so-widget-sow-image so-widget-sow-image-default-8b5b6f678277\"\n\t\t\t\n\t\t>\n<div class=\"sow-image-container\">\n\t\t\t<a href=\"http:\/\/benzin.com.ar\/\"\n\t\t\ttarget=\"_blank\" rel=\"noopener noreferrer\" \t\t>\n\t\t\t<img \n\tsrc=\"https:\/\/norwangroup.com\/wp-content\/uploads\/2020\/10\/benzin_logo_color.jpg\" width=\"300\" height=\"217\" sizes=\"(max-width: 300px) 100vw, 300px\" alt=\"\" \t\tclass=\"so-widget-image\"\/>\n\t\t\t<\/a><\/div>\n\n<\/div><\/div><\/div><\/div><\/div><\/div><\/div><\/div><\/div><\/div><\/div>","protected":false},"excerpt":{"rendered":"<p>Norwan Group Norwan Group es una empresa dedicada a la producci\u00f3n, comercializaci\u00f3n y distribuci\u00f3n de productos para el mercado automotor. Su segmento de mercado incorpora tanto al sector masivo, como al industrial y al de competici\u00f3n.<\/p>\n","protected":false},"author":1,"featured_media":0,"parent":0,"menu_order":0,"comment_status":"closed","ping_status":"closed","template":"","meta":{"kt_blocks_editor_width":"","_kad_blocks_custom_css":"","_kad_blocks_head_custom_js":"","_kad_blocks_body_custom_js":"","_kad_blocks_footer_custom_js":"","footnotes":""},"class_list":["post-257","page","type-page","status-publish","hentry"],"taxonomy_info":[],"featured_image_src_large":false,"author_info":{"display_name":"ale@norwangroup.com","author_link":"https:\/\/norwangroup.com\/website\/author\/ale@norwangroup.com\/"},"comment_info":0,"_links":{"self":[{"href":"https:\/\/norwangroup.com\/website\/wp-json\/wp\/v2\/pages\/257","targetHints":{"allow":["GET"]}}],"collection":[{"href":"https:\/\/norwangroup.com\/website\/wp-json\/wp\/v2\/pages"}],"about":[{"href":"https:\/\/norwangroup.com\/website\/wp-json\/wp\/v2\/types\/page"}],"author":[{"embeddable":true,"href":"https:\/\/norwangroup.com\/website\/wp-json\/wp\/v2\/users\/1"}],"replies":[{"embeddable":true,"href":"https:\/\/norwangroup.com\/website\/wp-json\/wp\/v2\/comments?post=257"}],"version-history":[{"count":57,"href":"https:\/\/norwangroup.com\/website\/wp-json\/wp\/v2\/pages\/257\/revisions"}],"predecessor-version":[{"id":847,"href":"https:\/\/norwangroup.com\/website\/wp-json\/wp\/v2\/pages\/257\/revisions\/847"}],"wp:attachment":[{"href":"https:\/\/norwangroup.com\/website\/wp-json\/wp\/v2\/media?parent=257"}],"curies":[{"name":"wp","href":"https:\/\/api.w.org\/{rel}","templated":true}]}}